{"id":30,"date":"2025-04-25T14:09:24","date_gmt":"2025-04-25T12:09:24","guid":{"rendered":"http:\/\/www.kunstmaler-bauer.de\/?page_id=30"},"modified":"2025-04-25T15:58:34","modified_gmt":"2025-04-25T13:58:34","slug":"willkommen","status":"publish","type":"page","link":"http:\/\/www.kunstmaler-bauer.de\/","title":{"rendered":"Willkommen"},"content":{"rendered":"\n<div class=\"wp-block-media-text is-stacked-on-mobile is-vertically-aligned-top\" style=\"grid-template-columns:41% auto\"><figure class=\"wp-block-media-text__media\"><img loading=\"lazy\" decoding=\"async\" width=\"227\" height=\"342\" src=\"http:\/\/www.kunstmaler-bauer.de\/wp-content\/uploads\/2025\/04\/portrait_neu.jpg\" alt=\"\" class=\"wp-image-20 size-full\" srcset=\"http:\/\/www.kunstmaler-bauer.de\/wp-content\/uploads\/2025\/04\/portrait_neu.jpg 227w, http:\/\/www.kunstmaler-bauer.de\/wp-content\/uploads\/2025\/04\/portrait_neu-199x300.jpg 199w\" sizes=\"auto, (max-width: 227px) 100vw, 227px\" \/><\/figure><div class=\"wp-block-media-text__content\">\n<p><strong>Ich hei\u00dfe Sie auf meiner Website herzlich willkommen.<\/strong><\/p>\n\n\n\n<p>Hier k\u00f6nnen Sie sich ein Bild von meinen Arbeiten machen. Malen ist f\u00fcr mich eine Leidenschaft. Die Bilder entstehen im Kopf und dann ist es wie eine Sucht, die mich zum Malen hinzieht, bis das Bild fertig ist.<\/p>\n\n\n\n<p>Besuchen Sie meine Gem\u00e4ldegalerie auf der Sie erfahren, wie meine \u00d6lgem\u00e4lde von der Bleistiftskizze bis hin zur Blaupause und schlie\u00dflich zum fertigen Bild entstehen und kontinuierlich weiterentwickelt werden. Dar\u00fcber hinaus finden Sie in der Rubrik Schr\u00e4nke den \u201eWerde\u00adgang\u201c eines ausgedienten M\u00f6bel\u00adst\u00fcckes hin zu einem k\u00fcnstlerisch hochwertigen Einrichtungsgegenstand, der optisch mit Holz\u00adeinlege\u00adarbeiten vergleichbar ist. Auch Restaurationen f\u00fchre ich fachgerecht durch, damit Sie Ihre wertvollen Figuren f\u00fcr k\u00fcnftige Generationen bewahren k\u00f6nnen.<\/p>\n<\/div><\/div>\n\n\n\n<figure class=\"wp-block-embed is-type-video is-provider-youtube wp-block-embed-youtube wp-embed-aspect-16-9 wp-has-aspect-ratio\"><div class=\"wp-block-embed__wrapper\">\n<iframe loading=\"lazy\" title=\"Hl  Korbinian Trailer\" width=\"720\" height=\"405\" src=\"https:\/\/www.youtube.com\/embed\/WgFTkB-Lmbw?feature=oembed\" frameborder=\"0\" allow=\"accelerometer; autoplay; clipboard-write; encrypted-media; gyroscope; picture-in-picture; web-share\" referrerpolicy=\"strict-origin-when-cross-origin\" allowfullscreen><\/iframe>\n<\/div><\/figure>\n","protected":false},"excerpt":{"rendered":"<p>Ich hei\u00dfe Sie auf meiner Website herzlich willkommen. Hier k\u00f6nnen Sie sich ein Bild von meinen Arbeiten machen. Malen ist f\u00fcr mich eine Leidenschaft. Die Bilder entstehen im Kopf und dann ist es wie eine Sucht, die mich zum Malen hinzieht, bis das Bild fertig ist. Besuchen Sie meine Gem\u00e4ldegalerie auf der Sie erfahren, wie [&hellip;]<\/p>\n","protected":false},"author":1,"featured_media":0,"parent":0,"menu_order":0,"comment_status":"closed","ping_status":"closed","template":"","meta":{"footnotes":""},"class_list":["post-30","page","type-page","status-publish","hentry","post"],"_links":{"self":[{"href":"http:\/\/www.kunstmaler-bauer.de\/index.php?rest_route=\/wp\/v2\/pages\/30","targetHints":{"allow":["GET"]}}],"collection":[{"href":"http:\/\/www.kunstmaler-bauer.de\/index.php?rest_route=\/wp\/v2\/pages"}],"about":[{"href":"http:\/\/www.kunstmaler-bauer.de\/index.php?rest_route=\/wp\/v2\/types\/page"}],"author":[{"embeddable":true,"href":"http:\/\/www.kunstmaler-bauer.de\/index.php?rest_route=\/wp\/v2\/users\/1"}],"replies":[{"embeddable":true,"href":"http:\/\/www.kunstmaler-bauer.de\/index.php?rest_route=%2Fwp%2Fv2%2Fcomments&post=30"}],"version-history":[{"count":7,"href":"http:\/\/www.kunstmaler-bauer.de\/index.php?rest_route=\/wp\/v2\/pages\/30\/revisions"}],"predecessor-version":[{"id":63,"href":"http:\/\/www.kunstmaler-bauer.de\/index.php?rest_route=\/wp\/v2\/pages\/30\/revisions\/63"}],"wp:attachment":[{"href":"http:\/\/www.kunstmaler-bauer.de\/index.php?rest_route=%2Fwp%2Fv2%2Fmedia&parent=30"}],"curies":[{"name":"wp","href":"https:\/\/api.w.org\/{rel}","templated":true}]}}